{"id":5086,"date":"2026-02-25T18:08:20","date_gmt":"2026-02-25T18:08:20","guid":{"rendered":"https:\/\/madulmus.com\/descargo-de-responsabilidad\/"},"modified":"2026-02-25T18:08:20","modified_gmt":"2026-02-25T18:08:20","slug":"clause-de-non-responsabilite","status":"publish","type":"page","link":"https:\/\/madulmus.com\/fr\/descargo-de-responsabilidad\/","title":{"rendered":"Clause de non-responsabilit\u00e9"},"content":{"rendered":"<!-- Legal document generated by Complianz | GDPR\/CCPA Cookie Consent https:\/\/wordpress.org\/plugins\/complianz-gdpr -->\n<div id=\"cmplz-document\" class=\"cmplz-document disclaimer cmplz-document-all\"><p>MADULMUS s'engage \u00e0 maintenir ce site Web \u00e0 jour et exact. Si vous deviez n\u00e9anmoins trouver des informations incorrectes ou obsol\u00e8tes, nous vous serions reconnaissants de bien vouloir nous en faire part. Veuillez indiquer o\u00f9 vous avez lu l'information sur le site web. Nous nous pencherons sur la question dans les plus brefs d\u00e9lais. Veuillez envoyer votre r\u00e9ponse par courrier \u00e9lectronique \u00e0 <span class=\"cmplz-obfuscate\">inf&#111;@<span class=\"cmplz-fmail-domain\">ex.com<\/span>&#109;ad&#117;&#108;m&#117;&#115;.c&#111;m<\/span>.<\/p><p>Nous ne sommes pas responsables des pertes r\u00e9sultant d'inexactitudes ou d'incompl\u00e9tudes, ni des pertes r\u00e9sultant de probl\u00e8mes caus\u00e9s par ou inh\u00e9rents \u00e0 la diffusion d'informations par l'internet, tels que des perturbations ou des interruptions. Lors de l'utilisation de formulaires web, nous nous effor\u00e7ons de limiter au minimum le nombre de champs obligatoires. MADULMUS d\u00e9cline toute responsabilit\u00e9 en cas de perte r\u00e9sultant de l'utilisation de donn\u00e9es, de conseils ou d'id\u00e9es fournis par ou au nom de MADULMUS via ce site web.<\/p><p>Tous les droits de propri\u00e9t\u00e9 intellectuelle sur le contenu de ce site sont d\u00e9tenus par MADULMUS.<\/p><p>La copie, la diffusion et toute autre utilisation de ce mat\u00e9riel ne sont pas autoris\u00e9es sans l'autorisation \u00e9crite de MADULMUS, sauf et seulement dans la mesure o\u00f9 des dispositions de droit imp\u00e9ratif (comme le droit de citation) le stipulent, \u00e0 moins qu'un contenu sp\u00e9cifique n'en d\u00e9cide autrement.<\/p><p>Si vous avez des questions ou des probl\u00e8mes concernant l'accessibilit\u00e9 du site web, n'h\u00e9sitez pas \u00e0 nous contacter.<\/p><\/div>","protected":false},"excerpt":{"rendered":"","protected":false},"author":2,"featured_media":0,"parent":0,"menu_order":0,"comment_status":"closed","ping_status":"closed","template":"","meta":{"footnotes":""},"class_list":["post-5086","page","type-page","status-publish","hentry"],"yoast_head":"<!-- This site is optimized with the Yoast SEO Premium plugin v27.1 (Yoast SEO v27.0) - https:\/\/yoast.com\/product\/yoast-seo-premium-wordpress\/ -->\n<title>Descargo de responsabilidad - Madulmus<\/title>\n<meta name=\"robots\" content=\"index, follow, max-snippet:-1, max-image-preview:large, max-video-preview:-1\" \/>\n<link rel=\"canonical\" href=\"https:\/\/madulmus.com\/fr\/clause-de-non-responsabilite\/\" \/>\n<meta property=\"og:locale\" content=\"fr_FR\" \/>\n<meta property=\"og:type\" content=\"article\" \/>\n<meta property=\"og:title\" content=\"Descargo de responsabilidad - Madulmus\" \/>\n<meta property=\"og:url\" content=\"https:\/\/madulmus.com\/fr\/clause-de-non-responsabilite\/\" \/>\n<meta property=\"og:site_name\" content=\"Madulmus\" \/>\n<meta property=\"og:image\" content=\"https:\/\/madulmus.com\/wp-content\/uploads\/2026\/01\/trabaja-1.jpg\" \/>\n\t<meta property=\"og:image:width\" content=\"1576\" \/>\n\t<meta property=\"og:image:height\" content=\"1045\" \/>\n\t<meta property=\"og:image:type\" content=\"image\/jpeg\" \/>\n<meta name=\"twitter:card\" content=\"summary_large_image\" \/>\n<script type=\"application\/ld+json\" class=\"yoast-schema-graph\">{\"@context\":\"https:\/\/schema.org\",\"@graph\":[{\"@type\":\"WebPage\",\"@id\":\"https:\/\/madulmus.com\/descargo-de-responsabilidad\/\",\"url\":\"https:\/\/madulmus.com\/descargo-de-responsabilidad\/\",\"name\":\"Descargo de responsabilidad - Madulmus\",\"isPartOf\":{\"@id\":\"https:\/\/madulmus.com\/nl\/#website\"},\"datePublished\":\"2026-02-25T18:08:20+00:00\",\"breadcrumb\":{\"@id\":\"https:\/\/madulmus.com\/descargo-de-responsabilidad\/#breadcrumb\"},\"inLanguage\":\"fr-FR\",\"potentialAction\":[{\"@type\":\"ReadAction\",\"target\":[\"https:\/\/madulmus.com\/descargo-de-responsabilidad\/\"]}]},{\"@type\":\"BreadcrumbList\",\"@id\":\"https:\/\/madulmus.com\/descargo-de-responsabilidad\/#breadcrumb\",\"itemListElement\":[{\"@type\":\"ListItem\",\"position\":1,\"name\":\"Home\",\"item\":\"https:\/\/madulmus.com\/\"},{\"@type\":\"ListItem\",\"position\":2,\"name\":\"Descargo de responsabilidad\"}]},{\"@type\":\"WebSite\",\"@id\":\"https:\/\/madulmus.com\/nl\/#website\",\"url\":\"https:\/\/madulmus.com\/nl\/\",\"name\":\"Madulmus\",\"description\":\"Carpinter\u00eda y Ebanister\u00eda en Marbella\",\"publisher\":{\"@id\":\"https:\/\/madulmus.com\/nl\/#organization\"},\"potentialAction\":[{\"@type\":\"SearchAction\",\"target\":{\"@type\":\"EntryPoint\",\"urlTemplate\":\"https:\/\/madulmus.com\/nl\/?s={search_term_string}\"},\"query-input\":{\"@type\":\"PropertyValueSpecification\",\"valueRequired\":true,\"valueName\":\"search_term_string\"}}],\"inLanguage\":\"fr-FR\"},{\"@type\":\"Organization\",\"@id\":\"https:\/\/madulmus.com\/nl\/#organization\",\"name\":\"Madulmus | Carpinter\u00eda y Ebanister\u00eda en Marbella\",\"alternateName\":\"Madulmus\",\"url\":\"https:\/\/madulmus.com\/nl\/\",\"logo\":{\"@type\":\"ImageObject\",\"inLanguage\":\"fr-FR\",\"@id\":\"https:\/\/madulmus.com\/nl\/#\/schema\/logo\/image\/\",\"url\":\"https:\/\/madulmus.com\/wp-content\/uploads\/2025\/11\/MADULMUS.svg\",\"contentUrl\":\"https:\/\/madulmus.com\/wp-content\/uploads\/2025\/11\/MADULMUS.svg\",\"width\":1000,\"height\":1000,\"caption\":\"Madulmus | Carpinter\u00eda y Ebanister\u00eda en Marbella\"},\"image\":{\"@id\":\"https:\/\/madulmus.com\/nl\/#\/schema\/logo\/image\/\"}}]}<\/script>\n<!-- \/ Yoast SEO Premium plugin. -->","yoast_head_json":{"title":"Avis de non-responsabilit\u00e9 - Madulmus","robots":{"index":"index","follow":"follow","max-snippet":"max-snippet:-1","max-image-preview":"max-image-preview:large","max-video-preview":"max-video-preview:-1"},"canonical":"https:\/\/madulmus.com\/fr\/clause-de-non-responsabilite\/","og_locale":"fr_FR","og_type":"article","og_title":"Descargo de responsabilidad - Madulmus","og_url":"https:\/\/madulmus.com\/fr\/clause-de-non-responsabilite\/","og_site_name":"Madulmus","og_image":[{"width":1576,"height":1045,"url":"https:\/\/madulmus.com\/wp-content\/uploads\/2026\/01\/trabaja-1.jpg","type":"image\/jpeg"}],"twitter_card":"summary_large_image","schema":{"@context":"https:\/\/schema.org","@graph":[{"@type":"WebPage","@id":"https:\/\/madulmus.com\/descargo-de-responsabilidad\/","url":"https:\/\/madulmus.com\/descargo-de-responsabilidad\/","name":"Avis de non-responsabilit\u00e9 - Madulmus","isPartOf":{"@id":"https:\/\/madulmus.com\/nl\/#website"},"datePublished":"2026-02-25T18:08:20+00:00","breadcrumb":{"@id":"https:\/\/madulmus.com\/descargo-de-responsabilidad\/#breadcrumb"},"inLanguage":"fr-FR","potentialAction":[{"@type":"ReadAction","target":["https:\/\/madulmus.com\/descargo-de-responsabilidad\/"]}]},{"@type":"BreadcrumbList","@id":"https:\/\/madulmus.com\/descargo-de-responsabilidad\/#breadcrumb","itemListElement":[{"@type":"ListItem","position":1,"name":"Home","item":"https:\/\/madulmus.com\/"},{"@type":"ListItem","position":2,"name":"Descargo de responsabilidad"}]},{"@type":"WebSite","@id":"https:\/\/madulmus.com\/nl\/#website","url":"https:\/\/madulmus.com\/nl\/","name":"Madulmus","description":"Charpenterie et menuiserie \u00e0 Marbella","publisher":{"@id":"https:\/\/madulmus.com\/nl\/#organization"},"potentialAction":[{"@type":"SearchAction","target":{"@type":"EntryPoint","urlTemplate":"https:\/\/madulmus.com\/nl\/?s={search_term_string}"},"query-input":{"@type":"PropertyValueSpecification","valueRequired":true,"valueName":"search_term_string"}}],"inLanguage":"fr-FR"},{"@type":"Organization","@id":"https:\/\/madulmus.com\/nl\/#organization","name":"Madulmus | Charpenterie et menuiserie \u00e0 Marbella","alternateName":"Madulmus","url":"https:\/\/madulmus.com\/nl\/","logo":{"@type":"ImageObject","inLanguage":"fr-FR","@id":"https:\/\/madulmus.com\/nl\/#\/schema\/logo\/image\/","url":"https:\/\/madulmus.com\/wp-content\/uploads\/2025\/11\/MADULMUS.svg","contentUrl":"https:\/\/madulmus.com\/wp-content\/uploads\/2025\/11\/MADULMUS.svg","width":1000,"height":1000,"caption":"Madulmus | Carpinter\u00eda y Ebanister\u00eda en Marbella"},"image":{"@id":"https:\/\/madulmus.com\/nl\/#\/schema\/logo\/image\/"}}]}},"_links":{"self":[{"href":"https:\/\/madulmus.com\/fr\/wp-json\/wp\/v2\/pages\/5086","targetHints":{"allow":["GET"]}}],"collection":[{"href":"https:\/\/madulmus.com\/fr\/wp-json\/wp\/v2\/pages"}],"about":[{"href":"https:\/\/madulmus.com\/fr\/wp-json\/wp\/v2\/types\/page"}],"author":[{"embeddable":true,"href":"https:\/\/madulmus.com\/fr\/wp-json\/wp\/v2\/users\/2"}],"replies":[{"embeddable":true,"href":"https:\/\/madulmus.com\/fr\/wp-json\/wp\/v2\/comments?post=5086"}],"version-history":[{"count":0,"href":"https:\/\/madulmus.com\/fr\/wp-json\/wp\/v2\/pages\/5086\/revisions"}],"wp:attachment":[{"href":"https:\/\/madulmus.com\/fr\/wp-json\/wp\/v2\/media?parent=5086"}],"curies":[{"name":"wp","href":"https:\/\/api.w.org\/{rel}","templated":true}]}}