{"id":266,"date":"2022-08-30T03:13:32","date_gmt":"2022-08-30T03:13:32","guid":{"rendered":"https:\/\/ciri.la-studioweb.com\/?page_id=266"},"modified":"2026-02-16T17:31:05","modified_gmt":"2026-02-16T17:31:05","slug":"blog","status":"publish","type":"page","link":"https:\/\/madulmus.com\/nl\/blog\/","title":{"rendered":"Blog"},"content":{"rendered":"\t\t<div data-elementor-type=\"wp-page\" data-elementor-id=\"266\" class=\"elementor elementor-266\" data-elementor-post-type=\"page\">\n\t\t\t\t<div class=\"elementor-element elementor-element-03bedba e-flex e-con-boxed lakit-col-width-auto-no e-container e-root-container elementor-top-section e-con e-parent\" data-id=\"03bedba\" data-element_type=\"container\" data-settings=\"{&quot;background_background&quot;:&quot;classic&quot;,&quot;background_motion_fx_motion_fx_scrolling&quot;:&quot;yes&quot;,&quot;background_motion_fx_translateY_effect&quot;:&quot;yes&quot;,&quot;background_motion_fx_translateY_speed&quot;:{&quot;unit&quot;:&quot;px&quot;,&quot;size&quot;:4,&quot;sizes&quot;:[]},&quot;background_motion_fx_translateY_affectedRange&quot;:{&quot;unit&quot;:&quot;%&quot;,&quot;size&quot;:&quot;&quot;,&quot;sizes&quot;:{&quot;start&quot;:0,&quot;end&quot;:100}},&quot;background_motion_fx_devices&quot;:[&quot;desktop&quot;,&quot;laptop&quot;,&quot;tablet&quot;,&quot;mobile_extra&quot;,&quot;mobile&quot;]}\">\n\t\t\t\t\t<div class=\"e-con-inner\">\n\t\t\t\t<div class=\"elementor-element elementor-element-71c963a lakit-breadcrumbs-page-title-yes lakit-breadcrumbs-align-center elementor-widget lastudio-kit elementor-lakit-breadcrumbs\" data-id=\"71c963a\" data-element_type=\"widget\" data-widget_type=\"lakit-breadcrumbs.default\">\n\t\t\t\t\t\n\t\t<div class=\"lakit-breadcrumbs\">\n\t\t<div class=\"lakit-breadcrumbs__content\">\n\t\t<div class=\"lakit-breadcrumbs__wrap\"><div class=\"lakit-breadcrumbs__item\"><a href=\"https:\/\/madulmus.com\/nl\/\" class=\"lakit-breadcrumbs__item-link is-home\" rel=\"home\" title=\"Inicio\">Inicio<\/a><\/div>\n\t\t<\/div>\n\t\t<\/div>\n\t\t<\/div>\t\t\t\t<\/div>\n\t\t\t\t\t<\/div>\n\t\t\t\t<\/div>\n\t\t<div class=\"elementor-element elementor-element-56ddeb5 e-flex e-con-boxed lakit-col-width-auto-no e-container e-root-container elementor-top-section e-con e-parent\" data-id=\"56ddeb5\" data-element_type=\"container\">\n\t\t\t\t\t<div class=\"e-con-inner\">\n\t\t\t\t<div class=\"elementor-element elementor-element-adb66f4 elementor-widget elementor-widget-spacer\" data-id=\"adb66f4\" data-element_type=\"widget\" data-widget_type=\"spacer.default\">\n\t\t\t\t\t\t\t<div class=\"elementor-spacer\">\n\t\t\t<div class=\"elementor-spacer-inner\"><\/div>\n\t\t<\/div>\n\t\t\t\t\t\t<\/div>\n\t\t\t\t<div class=\"elementor-element elementor-element-6b226e9 elementor-grid-3 elementor-grid-tablet-2 elementor-grid-mobile-1 elementor-posts--thumbnail-top elementor-card-shadow-yes elementor-posts__hover-gradient elementor-widget elementor-widget-posts\" data-id=\"6b226e9\" data-element_type=\"widget\" data-settings=\"{&quot;cards_columns&quot;:&quot;3&quot;,&quot;cards_columns_tablet&quot;:&quot;2&quot;,&quot;cards_columns_mobile&quot;:&quot;1&quot;,&quot;cards_row_gap&quot;:{&quot;unit&quot;:&quot;px&quot;,&quot;size&quot;:35,&quot;sizes&quot;:[]},&quot;cards_row_gap_laptop&quot;:{&quot;unit&quot;:&quot;px&quot;,&quot;size&quot;:&quot;&quot;,&quot;sizes&quot;:[]},&quot;cards_row_gap_tablet&quot;:{&quot;unit&quot;:&quot;px&quot;,&quot;size&quot;:&quot;&quot;,&quot;sizes&quot;:[]},&quot;cards_row_gap_mobile_extra&quot;:{&quot;unit&quot;:&quot;px&quot;,&quot;size&quot;:&quot;&quot;,&quot;sizes&quot;:[]},&quot;cards_row_gap_mobile&quot;:{&quot;unit&quot;:&quot;px&quot;,&quot;size&quot;:&quot;&quot;,&quot;sizes&quot;:[]}}\" data-widget_type=\"posts.cards\">\n\t\t\t\t<div class=\"elementor-widget-container\">\n\t\t\t\t\t\t\t<div class=\"elementor-posts-container elementor-posts elementor-posts--skin-cards elementor-grid\" role=\"list\">\n\t\t\t\t<article class=\"elementor-post elementor-grid-item post-3995 post type-post status-publish format-standard has-post-thumbnail hentry category-uncategorized\" role=\"listitem\">\n\t\t\t<div class=\"elementor-post__card\">\n\t\t\t\t<a class=\"elementor-post__thumbnail__link\" href=\"https:\/\/madulmus.com\/nl\/la-importancia-del-trabajo-a-medida-en-interiores-de-calidad\/\" tabindex=\"-1\" ><div class=\"elementor-post__thumbnail\"><img fetchpriority=\"high\" decoding=\"async\" width=\"1324\" height=\"883\" src=\"https:\/\/madulmus.com\/wp-content\/uploads\/2026\/01\/proyectos-6.jpg\" class=\"attachment-full size-full wp-image-3880\" alt=\"\" \/><\/div><\/a>\n\t\t\t\t<div class=\"elementor-post__text\">\n\t\t\t\t<h3 class=\"elementor-post__title\">\n\t\t\t<a href=\"https:\/\/madulmus.com\/nl\/la-importancia-del-trabajo-a-medida-en-interiores-de-calidad\/\" >\n\t\t\t\tLa importancia del trabajo a medida en interiores de calidad\t\t\t<\/a>\n\t\t<\/h3>\n\t\t\n\t\t<a class=\"elementor-post__read-more\" href=\"https:\/\/madulmus.com\/nl\/la-importancia-del-trabajo-a-medida-en-interiores-de-calidad\/\" aria-label=\"Read more about La importancia del trabajo a medida en interiores de calidad\" tabindex=\"-1\" >\n\t\t\tLeer m\u00e1s \u00bb\t\t<\/a>\n\n\t\t\t\t<\/div>\n\t\t\t\t\t<\/div>\n\t\t<\/article>\n\t\t\t\t<article class=\"elementor-post elementor-grid-item post-3993 post type-post status-publish format-standard has-post-thumbnail hentry category-uncategorized\" role=\"listitem\">\n\t\t\t<div class=\"elementor-post__card\">\n\t\t\t\t<a class=\"elementor-post__thumbnail__link\" href=\"https:\/\/madulmus.com\/nl\/la-artesania-como-base-del-diseno-contemporaneo\/\" tabindex=\"-1\" ><div class=\"elementor-post__thumbnail\"><img decoding=\"async\" width=\"1600\" height=\"1063\" src=\"https:\/\/madulmus.com\/wp-content\/uploads\/2026\/01\/outdoor_1-scaled.jpg\" class=\"attachment-full size-full wp-image-4652\" alt=\"\" srcset=\"https:\/\/madulmus.com\/wp-content\/uploads\/2026\/01\/outdoor_1-scaled.jpg 1600w, https:\/\/madulmus.com\/wp-content\/uploads\/2026\/01\/outdoor_1-1536x1020.jpg 1536w, https:\/\/madulmus.com\/wp-content\/uploads\/2026\/01\/outdoor_1-2048x1360.jpg 2048w\" sizes=\"(max-width: 1600px) 100vw, 1600px\" \/><\/div><\/a>\n\t\t\t\t<div class=\"elementor-post__text\">\n\t\t\t\t<h3 class=\"elementor-post__title\">\n\t\t\t<a href=\"https:\/\/madulmus.com\/nl\/la-artesania-como-base-del-diseno-contemporaneo\/\" >\n\t\t\t\tLa artesan\u00eda como base del dise\u00f1o contempor\u00e1neo\t\t\t<\/a>\n\t\t<\/h3>\n\t\t\n\t\t<a class=\"elementor-post__read-more\" href=\"https:\/\/madulmus.com\/nl\/la-artesania-como-base-del-diseno-contemporaneo\/\" aria-label=\"Read more about La artesan\u00eda como base del dise\u00f1o contempor\u00e1neo\" tabindex=\"-1\" >\n\t\t\tLeer m\u00e1s \u00bb\t\t<\/a>\n\n\t\t\t\t<\/div>\n\t\t\t\t\t<\/div>\n\t\t<\/article>\n\t\t\t\t<\/div>\n\t\t\n\t\t\t\t\t\t<\/div>\n\t\t\t\t<\/div>\n\t\t\t\t<div class=\"elementor-element elementor-element-d4c75fd elementor-widget elementor-widget-spacer\" data-id=\"d4c75fd\" data-element_type=\"widget\" data-widget_type=\"spacer.default\">\n\t\t\t\t\t\t\t<div class=\"elementor-spacer\">\n\t\t\t<div class=\"elementor-spacer-inner\"><\/div>\n\t\t<\/div>\n\t\t\t\t\t\t<\/div>\n\t\t\t\t\t<\/div>\n\t\t\t\t<\/div>\n\t\t\t\t<\/div>\n\t\t","protected":false},"excerpt":{"rendered":"<p>Home<\/p>","protected":false},"author":2,"featured_media":0,"parent":0,"menu_order":0,"comment_status":"closed","ping_status":"closed","template":"elementor_header_footer","meta":{"footnotes":""},"class_list":["post-266","page","type-page","status-publish","hentry"],"yoast_head":"<!-- This site is optimized with the Yoast SEO Premium plugin v27.1 (Yoast SEO v27.0) - https:\/\/yoast.com\/product\/yoast-seo-premium-wordpress\/ -->\n<title>Blog - Madulmus<\/title>\n<meta name=\"robots\" content=\"index, follow, max-snippet:-1, max-image-preview:large, max-video-preview:-1\" \/>\n<link rel=\"canonical\" href=\"https:\/\/madulmus.com\/nl\/blog\/\" \/>\n<meta property=\"og:locale\" content=\"nl_BE\" \/>\n<meta property=\"og:type\" content=\"article\" \/>\n<meta property=\"og:title\" content=\"Blog - Madulmus\" \/>\n<meta property=\"og:description\" content=\"Inicio\" \/>\n<meta property=\"og:url\" content=\"https:\/\/madulmus.com\/nl\/blog\/\" \/>\n<meta property=\"og:site_name\" content=\"Madulmus\" \/>\n<meta property=\"article:modified_time\" content=\"2026-02-16T17:31:05+00:00\" \/>\n<meta property=\"og:image\" content=\"https:\/\/madulmus.com\/wp-content\/uploads\/2026\/01\/trabaja-1.jpg\" \/>\n\t<meta property=\"og:image:width\" content=\"1576\" \/>\n\t<meta property=\"og:image:height\" content=\"1045\" \/>\n\t<meta property=\"og:image:type\" content=\"image\/jpeg\" \/>\n<meta name=\"twitter:card\" content=\"summary_large_image\" \/>\n<script type=\"application\/ld+json\" class=\"yoast-schema-graph\">{\"@context\":\"https:\/\/schema.org\",\"@graph\":[{\"@type\":\"WebPage\",\"@id\":\"https:\/\/madulmus.com\/blog\/\",\"url\":\"https:\/\/madulmus.com\/blog\/\",\"name\":\"Blog - Madulmus\",\"isPartOf\":{\"@id\":\"https:\/\/madulmus.com\/nl\/#website\"},\"datePublished\":\"2022-08-30T03:13:32+00:00\",\"dateModified\":\"2026-02-16T17:31:05+00:00\",\"breadcrumb\":{\"@id\":\"https:\/\/madulmus.com\/blog\/#breadcrumb\"},\"inLanguage\":\"nl-BE\",\"potentialAction\":[{\"@type\":\"ReadAction\",\"target\":[\"https:\/\/madulmus.com\/blog\/\"]}]},{\"@type\":\"BreadcrumbList\",\"@id\":\"https:\/\/madulmus.com\/blog\/#breadcrumb\",\"itemListElement\":[{\"@type\":\"ListItem\",\"position\":1,\"name\":\"Home\",\"item\":\"https:\/\/madulmus.com\/\"},{\"@type\":\"ListItem\",\"position\":2,\"name\":\"Blog\"}]},{\"@type\":\"WebSite\",\"@id\":\"https:\/\/madulmus.com\/nl\/#website\",\"url\":\"https:\/\/madulmus.com\/nl\/\",\"name\":\"Madulmus\",\"description\":\"Carpinter\u00eda y Ebanister\u00eda en Marbella\",\"publisher\":{\"@id\":\"https:\/\/madulmus.com\/nl\/#organization\"},\"potentialAction\":[{\"@type\":\"SearchAction\",\"target\":{\"@type\":\"EntryPoint\",\"urlTemplate\":\"https:\/\/madulmus.com\/nl\/?s={search_term_string}\"},\"query-input\":{\"@type\":\"PropertyValueSpecification\",\"valueRequired\":true,\"valueName\":\"search_term_string\"}}],\"inLanguage\":\"nl-BE\"},{\"@type\":\"Organization\",\"@id\":\"https:\/\/madulmus.com\/nl\/#organization\",\"name\":\"Madulmus | Carpinter\u00eda y Ebanister\u00eda en Marbella\",\"alternateName\":\"Madulmus\",\"url\":\"https:\/\/madulmus.com\/nl\/\",\"logo\":{\"@type\":\"ImageObject\",\"inLanguage\":\"nl-BE\",\"@id\":\"https:\/\/madulmus.com\/nl\/#\/schema\/logo\/image\/\",\"url\":\"https:\/\/madulmus.com\/wp-content\/uploads\/2025\/11\/MADULMUS.svg\",\"contentUrl\":\"https:\/\/madulmus.com\/wp-content\/uploads\/2025\/11\/MADULMUS.svg\",\"width\":1000,\"height\":1000,\"caption\":\"Madulmus | Carpinter\u00eda y Ebanister\u00eda en Marbella\"},\"image\":{\"@id\":\"https:\/\/madulmus.com\/nl\/#\/schema\/logo\/image\/\"}}]}<\/script>\n<!-- \/ Yoast SEO Premium plugin. -->","yoast_head_json":{"title":"Blog - Madulmus","robots":{"index":"index","follow":"follow","max-snippet":"max-snippet:-1","max-image-preview":"max-image-preview:large","max-video-preview":"max-video-preview:-1"},"canonical":"https:\/\/madulmus.com\/nl\/blog\/","og_locale":"nl_BE","og_type":"article","og_title":"Blog - Madulmus","og_description":"Inicio","og_url":"https:\/\/madulmus.com\/nl\/blog\/","og_site_name":"Madulmus","article_modified_time":"2026-02-16T17:31:05+00:00","og_image":[{"width":1576,"height":1045,"url":"https:\/\/madulmus.com\/wp-content\/uploads\/2026\/01\/trabaja-1.jpg","type":"image\/jpeg"}],"twitter_card":"summary_large_image","schema":{"@context":"https:\/\/schema.org","@graph":[{"@type":"WebPage","@id":"https:\/\/madulmus.com\/blog\/","url":"https:\/\/madulmus.com\/blog\/","name":"Blog - Madulmus","isPartOf":{"@id":"https:\/\/madulmus.com\/nl\/#website"},"datePublished":"2022-08-30T03:13:32+00:00","dateModified":"2026-02-16T17:31:05+00:00","breadcrumb":{"@id":"https:\/\/madulmus.com\/blog\/#breadcrumb"},"inLanguage":"nl-BE","potentialAction":[{"@type":"ReadAction","target":["https:\/\/madulmus.com\/blog\/"]}]},{"@type":"BreadcrumbList","@id":"https:\/\/madulmus.com\/blog\/#breadcrumb","itemListElement":[{"@type":"ListItem","position":1,"name":"Home","item":"https:\/\/madulmus.com\/"},{"@type":"ListItem","position":2,"name":"Blog"}]},{"@type":"WebSite","@id":"https:\/\/madulmus.com\/nl\/#website","url":"https:\/\/madulmus.com\/nl\/","name":"Madulmus","description":"Timmerwerk en schrijnwerk in Marbella","publisher":{"@id":"https:\/\/madulmus.com\/nl\/#organization"},"potentialAction":[{"@type":"SearchAction","target":{"@type":"EntryPoint","urlTemplate":"https:\/\/madulmus.com\/nl\/?s={search_term_string}"},"query-input":{"@type":"PropertyValueSpecification","valueRequired":true,"valueName":"search_term_string"}}],"inLanguage":"nl-BE"},{"@type":"Organization","@id":"https:\/\/madulmus.com\/nl\/#organization","name":"Madulmus | Timmerwerk en schrijnwerkerij in Marbella","alternateName":"Madulmus","url":"https:\/\/madulmus.com\/nl\/","logo":{"@type":"ImageObject","inLanguage":"nl-BE","@id":"https:\/\/madulmus.com\/nl\/#\/schema\/logo\/image\/","url":"https:\/\/madulmus.com\/wp-content\/uploads\/2025\/11\/MADULMUS.svg","contentUrl":"https:\/\/madulmus.com\/wp-content\/uploads\/2025\/11\/MADULMUS.svg","width":1000,"height":1000,"caption":"Madulmus | Carpinter\u00eda y Ebanister\u00eda en Marbella"},"image":{"@id":"https:\/\/madulmus.com\/nl\/#\/schema\/logo\/image\/"}}]}},"_links":{"self":[{"href":"https:\/\/madulmus.com\/nl\/wp-json\/wp\/v2\/pages\/266","targetHints":{"allow":["GET"]}}],"collection":[{"href":"https:\/\/madulmus.com\/nl\/wp-json\/wp\/v2\/pages"}],"about":[{"href":"https:\/\/madulmus.com\/nl\/wp-json\/wp\/v2\/types\/page"}],"author":[{"embeddable":true,"href":"https:\/\/madulmus.com\/nl\/wp-json\/wp\/v2\/users\/2"}],"replies":[{"embeddable":true,"href":"https:\/\/madulmus.com\/nl\/wp-json\/wp\/v2\/comments?post=266"}],"version-history":[{"count":28,"href":"https:\/\/madulmus.com\/nl\/wp-json\/wp\/v2\/pages\/266\/revisions"}],"predecessor-version":[{"id":4890,"href":"https:\/\/madulmus.com\/nl\/wp-json\/wp\/v2\/pages\/266\/revisions\/4890"}],"wp:attachment":[{"href":"https:\/\/madulmus.com\/nl\/wp-json\/wp\/v2\/media?parent=266"}],"curies":[{"name":"wp","href":"https:\/\/api.w.org\/{rel}","templated":true}]}}